{"id":885,"date":"2023-04-06T14:52:00","date_gmt":"2023-04-06T14:52:00","guid":{"rendered":"https:\/\/brageac.fr\/?page_id=885"},"modified":"2023-04-08T17:39:59","modified_gmt":"2023-04-08T17:39:59","slug":"mentions-legales","status":"publish","type":"page","link":"https:\/\/brageac.fr\/index.php\/mentions-legales\/","title":{"rendered":"Mentions L\u00e9gales"},"content":{"rendered":"\t\t<div data-elementor-type=\"wp-page\" data-elementor-id=\"885\" class=\"elementor elementor-885\">\n\t\t\t\t\t\t<section class=\"elementor-section elementor-top-section elementor-element elementor-element-4c221bc7 elementor-section-full_width elementor-section-height-default elementor-section-height-default\" data-id=\"4c221bc7\" data-element_type=\"section\" data-e-type=\"section\">\n\t\t\t\t\t\t<div class=\"elementor-container elementor-column-gap-default\">\n\t\t\t\t\t<div class=\"elementor-column elementor-col-100 elementor-top-column elementor-element elementor-element-179bea8\" data-id=\"179bea8\" data-element_type=\"column\" data-e-type=\"column\">\n\t\t\t<div class=\"elementor-widget-wrap elementor-element-populated\">\n\t\t\t\t\t\t<div class=\"elementor-element elementor-element-4ecbe6fb elementor-widget elementor-widget-text-editor\" data-id=\"4ecbe6fb\" data-element_type=\"widget\" data-e-type=\"widget\" data-widget_type=\"text-editor.default\">\n\t\t\t\t<div class=\"elementor-widget-container\">\n\t\t\t\t\t\t\t\t\t\n<p style=\"text-align: center;\"><strong>Mentions l\u00e9gales :<\/strong><\/p>\n\n<p style=\"text-align: center;\">Conform\u00e9ment aux dispositions de la loi n\u00b0 2004-575 du 21 juin 2004 pour la confiance en l\u2019\u00e9conomie num\u00e9rique, il est pr\u00e9cis\u00e9 aux utilisateurs du site brageac.fr l\u2019identit\u00e9 des diff\u00e9rents intervenants dans le cadre de sa r\u00e9alisation et de son suivi.<\/p>\n\n<p style=\"text-align: center;\"><strong>Edition du site\u00a0<\/strong><\/p>\n\n<p style=\"text-align: center;\">Le pr\u00e9sent site, accessible \u00e0 l\u2019URL https:\/\/brageac.fr\/ (le \u00ab Site \u00bb), est \u00e9dit\u00e9 par :<\/p>\n\n<p style=\"text-align: center;\">Mairie, rue marcel Mazar 15700 BRAGEAC<\/p>\n\n<p style=\"text-align: center;\"><strong>H\u00e9bergement<\/strong><\/p>\n\n<p style=\"text-align: center;\"><br \/>Le Site est h\u00e9berg\u00e9 par la soci\u00e9t\u00e9 Hostinger International LTD, situ\u00e9 , (contact t\u00e9l\u00e9phonique ou email : https:\/\/www.hostinger.fr\/contact).<\/p>\n\n<p style=\"text-align: center;\"><strong>Directeur de publication\u00a0<\/strong><\/p>\n\n<p style=\"text-align: center;\"><br \/>Le Directeur de la publication du Site est Thierry LAYGUES.<\/p>\n\n<p style=\"text-align: center;\">\u00a0<\/p>\n\n<p style=\"text-align: center;\"><strong>Nous contacter\u00a0<\/strong><\/p>\n\n<p style=\"text-align: center;\"><br \/>Par t\u00e9l\u00e9phone\u00a0: +334 71 69 04 30<\/p>\n\n<p style=\"text-align: center;\">Par email\u00a0: mairie.brageac@wanadoo.fr<\/p>\n\n<p style=\"text-align: center;\">Par courrier\u00a0: Mairie, rue marcel Mazar 15700 BRAGEAC<\/p>\n\t\t\t\t\t\t\t\t<\/div>\n\t\t\t\t<\/div>\n\t\t\t\t\t<\/div>\n\t\t<\/div>\n\t\t\t\t\t<\/div>\n\t\t<\/section>\n\t\t\t\t<\/div>\n\t\t","protected":false},"excerpt":{"rendered":"<p>Mentions l\u00e9gales : Conform\u00e9ment aux dispositions de la loi n\u00b0 2004-575 du 21 juin 2004 pour la confiance en l\u2019\u00e9conomie num\u00e9rique, il est pr\u00e9cis\u00e9 aux utilisateurs du site brageac.fr l\u2019identit\u00e9 des diff\u00e9rents intervenants dans le cadre de sa r\u00e9alisation et de son suivi. Edition du site\u00a0 Le pr\u00e9sent site, accessible \u00e0 l\u2019URL https:\/\/brageac.fr\/ (le \u00ab [&hellip;]<\/p>\n","protected":false},"author":1,"featured_media":0,"parent":0,"menu_order":0,"comment_status":"closed","ping_status":"closed","template":"elementor_header_footer","meta":{"footnotes":""},"class_list":["post-885","page","type-page","status-publish","hentry"],"_links":{"self":[{"href":"https:\/\/brageac.fr\/index.php\/wp-json\/wp\/v2\/pages\/885","targetHints":{"allow":["GET"]}}],"collection":[{"href":"https:\/\/brageac.fr\/index.php\/wp-json\/wp\/v2\/pages"}],"about":[{"href":"https:\/\/brageac.fr\/index.php\/wp-json\/wp\/v2\/types\/page"}],"author":[{"embeddable":true,"href":"https:\/\/brageac.fr\/index.php\/wp-json\/wp\/v2\/users\/1"}],"replies":[{"embeddable":true,"href":"https:\/\/brageac.fr\/index.php\/wp-json\/wp\/v2\/comments?post=885"}],"version-history":[{"count":5,"href":"https:\/\/brageac.fr\/index.php\/wp-json\/wp\/v2\/pages\/885\/revisions"}],"predecessor-version":[{"id":928,"href":"https:\/\/brageac.fr\/index.php\/wp-json\/wp\/v2\/pages\/885\/revisions\/928"}],"wp:attachment":[{"href":"https:\/\/brageac.fr\/index.php\/wp-json\/wp\/v2\/media?parent=885"}],"curies":[{"name":"wp","href":"https:\/\/api.w.org\/{rel}","templated":true}]}}