{"id":568,"date":"2022-09-29T18:28:27","date_gmt":"2022-09-29T18:28:27","guid":{"rendered":"http:\/\/brageac.fr\/?page_id=568"},"modified":"2023-05-30T08:43:15","modified_gmt":"2023-05-30T08:43:15","slug":"abc","status":"publish","type":"page","link":"https:\/\/brageac.fr\/index.php\/abc\/","title":{"rendered":"ABCD"},"content":{"rendered":"\t\t<div data-elementor-type=\"wp-page\" data-elementor-id=\"568\" class=\"elementor elementor-568\">\n\t\t\t\t\t\t<section class=\"elementor-section elementor-top-section elementor-element elementor-element-71d9d2e0 elementor-section-boxed elementor-section-height-default elementor-section-height-default\" data-id=\"71d9d2e0\" data-element_type=\"section\" data-e-type=\"section\">\n\t\t\t\t\t\t<div class=\"elementor-container elementor-column-gap-default\">\n\t\t\t\t\t<div class=\"elementor-column elementor-col-100 elementor-top-column elementor-element elementor-element-62f16466\" data-id=\"62f16466\" data-element_type=\"column\" data-e-type=\"column\">\n\t\t\t<div class=\"elementor-widget-wrap elementor-element-populated\">\n\t\t\t\t\t\t<div class=\"elementor-element elementor-element-3760f24 elementor-widget elementor-widget-text-editor\" data-id=\"3760f24\" data-element_type=\"widget\" data-e-type=\"widget\" data-widget_type=\"text-editor.default\">\n\t\t\t\t<div class=\"elementor-widget-container\">\n\t\t\t\t\t\t\t\t\t\n<p>Association de Brageac pour Saint C\u00f4me et Saint Damien<\/p>\n\n\n\n<p>L&rsquo;association s&rsquo;est historiquement constitu\u00e9e pour la promotion du patrimoine de la commune.<\/p>\n\n\n\n<p>L&rsquo;association organise 3 \u00e9v\u00e9nements majeurs :<\/p>\n\n\n\n<ul class=\"wp-block-list\">\n<li>La Nuit des \u00e9glises (concert \u00e9clair\u00e9 \u00e0 la bougie)<\/li>\n\n\n\n<li>Les Journ\u00e9es M\u00e9dicales de Brageac conjointement avec le Comit\u00e9 Consultatif National d&rsquo;Ethique pr\u00e9sid\u00e9 par Jean Fran\u00e7ois Delfraissy<\/li>\n\n\n\n<li>Les journ\u00e9es du patrimoine qui tournent autour d&rsquo;une visite guid\u00e9e de Saint Til et de l&rsquo;\u00e9glise<\/li>\n<\/ul>\n\t\t\t\t\t\t\t\t<\/div>\n\t\t\t\t<\/div>\n\t\t\t\t\t<\/div>\n\t\t<\/div>\n\t\t\t\t\t<\/div>\n\t\t<\/section>\n\t\t\t\t<section class=\"elementor-section elementor-top-section elementor-element elementor-element-d1a0879 elementor-section-boxed elementor-section-height-default elementor-section-height-default\" data-id=\"d1a0879\" data-element_type=\"section\" data-e-type=\"section\">\n\t\t\t\t\t\t<div class=\"elementor-container elementor-column-gap-default\">\n\t\t\t\t\t<div class=\"elementor-column elementor-col-50 elementor-top-column elementor-element elementor-element-2165d75\" data-id=\"2165d75\" data-element_type=\"column\" data-e-type=\"column\">\n\t\t\t<div class=\"elementor-widget-wrap elementor-element-populated\">\n\t\t\t\t\t\t<div class=\"elementor-element elementor-element-53b5296 elementor-widget elementor-widget-image\" data-id=\"53b5296\" data-element_type=\"widget\" data-e-type=\"widget\" data-widget_type=\"image.default\">\n\t\t\t\t<div class=\"elementor-widget-container\">\n\t\t\t\t\t\t\t\t\t\t\t\t<figure class=\"wp-caption\">\n\t\t\t\t\t\t\t\t\t\t<img fetchpriority=\"high\" decoding=\"async\" width=\"800\" height=\"600\" src=\"https:\/\/brageac.fr\/wp-content\/uploads\/2023\/05\/Nuit-des-eglises-2022-1024x768.jpg\" class=\"attachment-large size-large wp-image-1068\" alt=\"\" srcset=\"https:\/\/brageac.fr\/wp-content\/uploads\/2023\/05\/Nuit-des-eglises-2022-1024x768.jpg 1024w, https:\/\/brageac.fr\/wp-content\/uploads\/2023\/05\/Nuit-des-eglises-2022-300x225.jpg 300w, https:\/\/brageac.fr\/wp-content\/uploads\/2023\/05\/Nuit-des-eglises-2022-768x576.jpg 768w, https:\/\/brageac.fr\/wp-content\/uploads\/2023\/05\/Nuit-des-eglises-2022-1536x1152.jpg 1536w, https:\/\/brageac.fr\/wp-content\/uploads\/2023\/05\/Nuit-des-eglises-2022-2048x1536.jpg 2048w\" sizes=\"(max-width: 800px) 100vw, 800px\" \/>\t\t\t\t\t\t\t\t\t\t\t<figcaption class=\"widget-image-caption wp-caption-text\">Nuit des \u00e9glises 2022<\/figcaption>\n\t\t\t\t\t\t\t\t\t\t<\/figure>\n\t\t\t\t\t\t\t\t\t<\/div>\n\t\t\t\t<\/div>\n\t\t\t\t\t<\/div>\n\t\t<\/div>\n\t\t\t\t<div class=\"elementor-column elementor-col-50 elementor-top-column elementor-element elementor-element-99de146\" data-id=\"99de146\" data-element_type=\"column\" data-e-type=\"column\">\n\t\t\t<div class=\"elementor-widget-wrap elementor-element-populated\">\n\t\t\t\t\t\t<div class=\"elementor-element elementor-element-fe6d1b9 elementor-widget elementor-widget-text-editor\" data-id=\"fe6d1b9\" data-element_type=\"widget\" data-e-type=\"widget\" data-widget_type=\"text-editor.default\">\n\t\t\t\t<div class=\"elementor-widget-container\">\n\t\t\t\t\t\t\t\t\t<p style=\"font-weight: 400;\"><strong><u>Concert de la Nuit des \u00e9glises du 1<sup>er<\/sup>\u00a0juillet 2023<\/u><\/strong><\/p>\n<p style=\"font-weight: 400;\">\u00a0<\/p>\n<p style=\"font-weight: 400;\">Dans le cadre de notre concert annuel de la Nuit des \u00c9glises, je vous informe qu\u2019il se tiendra le 1<sup>er<\/sup>\u00a0juillet 2023 \u00e0 21 h<\/p>\n<p style=\"font-weight: 400;\">Au programme le groupe Alter Duo compos\u00e9 de Jean Baptiste Mathulin pianiste et de julien Mathias contrebassiste et qui nous joueront des \u0153uvres de Saint Saens, Fryba,Massenet, De Falla, Chopin, Mozart, et bien d\u2019autres.<\/p>\n<p style=\"font-weight: 400;\">Notre concert sera agr\u00e9ment\u00e9 de l\u2019illumination des bougies, qui en fait une sp\u00e9cialit\u00e9 \u00e0 Brageac.<\/p>\n<p style=\"font-weight: 400;\">Pour votre information les billets seront d\u00e9sormais en ventes \u00e0 l\u2019office de tourisme de la Communaut\u00e9 de Commune du Pays de Salers \u00e0 l\u2019office de Salers et de Pleaux, vous pourrez \u00e9galement achet\u00e9s les billets sur place comme les ann\u00e9es pass\u00e9es dans la limite des places disponibles au tarif de 12 euros la place.<\/p>\t\t\t\t\t\t\t\t<\/div>\n\t\t\t\t<\/div>\n\t\t\t\t\t<\/div>\n\t\t<\/div>\n\t\t\t\t\t<\/div>\n\t\t<\/section>\n\t\t\t\t<section class=\"elementor-section elementor-top-section elementor-element elementor-element-5da9028 elementor-section-boxed elementor-section-height-default elementor-section-height-default\" data-id=\"5da9028\" data-element_type=\"section\" data-e-type=\"section\">\n\t\t\t\t\t\t<div class=\"elementor-container elementor-column-gap-default\">\n\t\t\t\t\t<div class=\"elementor-column elementor-col-50 elementor-top-column elementor-element elementor-element-92cc480\" data-id=\"92cc480\" data-element_type=\"column\" data-e-type=\"column\">\n\t\t\t<div class=\"elementor-widget-wrap elementor-element-populated\">\n\t\t\t\t\t\t<div class=\"elementor-element elementor-element-90b9ae3 elementor-widget elementor-widget-image\" data-id=\"90b9ae3\" data-element_type=\"widget\" data-e-type=\"widget\" data-widget_type=\"image.default\">\n\t\t\t\t<div class=\"elementor-widget-container\">\n\t\t\t\t\t\t\t\t\t\t\t\t<figure class=\"wp-caption\">\n\t\t\t\t\t\t\t\t\t\t<img decoding=\"async\" width=\"800\" height=\"600\" src=\"https:\/\/brageac.fr\/wp-content\/uploads\/2023\/05\/Organisateur-des-journees-medicale-de-Brageac-1024x768.jpg\" class=\"attachment-large size-large wp-image-1073\" alt=\"\" srcset=\"https:\/\/brageac.fr\/wp-content\/uploads\/2023\/05\/Organisateur-des-journees-medicale-de-Brageac-1024x768.jpg 1024w, https:\/\/brageac.fr\/wp-content\/uploads\/2023\/05\/Organisateur-des-journees-medicale-de-Brageac-300x225.jpg 300w, https:\/\/brageac.fr\/wp-content\/uploads\/2023\/05\/Organisateur-des-journees-medicale-de-Brageac-768x576.jpg 768w, https:\/\/brageac.fr\/wp-content\/uploads\/2023\/05\/Organisateur-des-journees-medicale-de-Brageac-1536x1152.jpg 1536w, https:\/\/brageac.fr\/wp-content\/uploads\/2023\/05\/Organisateur-des-journees-medicale-de-Brageac-2048x1536.jpg 2048w\" sizes=\"(max-width: 800px) 100vw, 800px\" \/>\t\t\t\t\t\t\t\t\t\t\t<figcaption class=\"widget-image-caption wp-caption-text\">Journ\u00e9e m\u00e9dicale 2022<\/figcaption>\n\t\t\t\t\t\t\t\t\t\t<\/figure>\n\t\t\t\t\t\t\t\t\t<\/div>\n\t\t\t\t<\/div>\n\t\t\t\t\t<\/div>\n\t\t<\/div>\n\t\t\t\t<div class=\"elementor-column elementor-col-50 elementor-top-column elementor-element elementor-element-3e9207d\" data-id=\"3e9207d\" data-element_type=\"column\" data-e-type=\"column\">\n\t\t\t<div class=\"elementor-widget-wrap elementor-element-populated\">\n\t\t\t\t\t\t<div class=\"elementor-element elementor-element-12df18f elementor-widget elementor-widget-text-editor\" data-id=\"12df18f\" data-element_type=\"widget\" data-e-type=\"widget\" data-widget_type=\"text-editor.default\">\n\t\t\t\t<div class=\"elementor-widget-container\">\n\t\t\t\t\t\t\t\t\t<p style=\"font-weight: 400;\"><strong><u>Journ\u00e9e M\u00e9dicale de Brageac des 26 et 27 ao\u00fbt 2023 (\u00e0 confirmer).<\/u><\/strong><\/p>\n<p style=\"font-weight: 400;\"><strong><u>\u00a0<\/u><\/strong><\/p>\n<p style=\"font-weight: 400;\">Comme chaque ann\u00e9e Brageac va organiser les journ\u00e9es m\u00e9dicales de Brageac, le professeur Jean Fran\u00e7ois Delfraissy, viendra pr\u00e9sider et animer un sujet de soci\u00e9t\u00e9 relatif aux derni\u00e8res \u00e9volutions de la m\u00e9decine moderne et des \u00e9volutions soci\u00e9tales et \u00e9thiques du monde m\u00e9dical.<\/p>\n<p style=\"font-weight: 400;\">Cette ann\u00e9e nous aurons notamment un d\u00e9bat sur l\u2019\u00e9volution de la Loi sur la fin de vie qui est en cours de discussion actuellement.<\/p>\t\t\t\t\t\t\t\t<\/div>\n\t\t\t\t<\/div>\n\t\t\t\t\t<\/div>\n\t\t<\/div>\n\t\t\t\t\t<\/div>\n\t\t<\/section>\n\t\t\t\t<section class=\"elementor-section elementor-top-section elementor-element elementor-element-0fad1d8 elementor-section-boxed elementor-section-height-default elementor-section-height-default\" data-id=\"0fad1d8\" data-element_type=\"section\" data-e-type=\"section\">\n\t\t\t\t\t\t<div class=\"elementor-container elementor-column-gap-default\">\n\t\t\t\t\t<div class=\"elementor-column elementor-col-50 elementor-top-column elementor-element elementor-element-e8ffb64\" data-id=\"e8ffb64\" data-element_type=\"column\" data-e-type=\"column\">\n\t\t\t<div class=\"elementor-widget-wrap elementor-element-populated\">\n\t\t\t\t\t\t<div class=\"elementor-element elementor-element-9f7c16e elementor-widget elementor-widget-image\" data-id=\"9f7c16e\" data-element_type=\"widget\" data-e-type=\"widget\" data-widget_type=\"image.default\">\n\t\t\t\t<div class=\"elementor-widget-container\">\n\t\t\t\t\t\t\t\t\t\t\t\t<figure class=\"wp-caption\">\n\t\t\t\t\t\t\t\t\t\t<img decoding=\"async\" width=\"800\" height=\"600\" src=\"https:\/\/brageac.fr\/wp-content\/uploads\/2023\/05\/Journee-du-patrimoine-2022-1024x768.jpg\" class=\"attachment-large size-large wp-image-1077\" alt=\"\" srcset=\"https:\/\/brageac.fr\/wp-content\/uploads\/2023\/05\/Journee-du-patrimoine-2022-1024x768.jpg 1024w, https:\/\/brageac.fr\/wp-content\/uploads\/2023\/05\/Journee-du-patrimoine-2022-300x225.jpg 300w, https:\/\/brageac.fr\/wp-content\/uploads\/2023\/05\/Journee-du-patrimoine-2022-768x576.jpg 768w, https:\/\/brageac.fr\/wp-content\/uploads\/2023\/05\/Journee-du-patrimoine-2022-1536x1152.jpg 1536w, https:\/\/brageac.fr\/wp-content\/uploads\/2023\/05\/Journee-du-patrimoine-2022-2048x1536.jpg 2048w\" sizes=\"(max-width: 800px) 100vw, 800px\" \/>\t\t\t\t\t\t\t\t\t\t\t<figcaption class=\"widget-image-caption wp-caption-text\">Journ\u00e9e du patrimoine 2022<\/figcaption>\n\t\t\t\t\t\t\t\t\t\t<\/figure>\n\t\t\t\t\t\t\t\t\t<\/div>\n\t\t\t\t<\/div>\n\t\t\t\t\t<\/div>\n\t\t<\/div>\n\t\t\t\t<div class=\"elementor-column elementor-col-50 elementor-top-column elementor-element elementor-element-778d0c0\" data-id=\"778d0c0\" data-element_type=\"column\" data-e-type=\"column\">\n\t\t\t<div class=\"elementor-widget-wrap elementor-element-populated\">\n\t\t\t\t\t\t<div class=\"elementor-element elementor-element-d3df894 elementor-widget elementor-widget-text-editor\" data-id=\"d3df894\" data-element_type=\"widget\" data-e-type=\"widget\" data-widget_type=\"text-editor.default\">\n\t\t\t\t<div class=\"elementor-widget-container\">\n\t\t\t\t\t\t\t\t\t<p style=\"font-weight: 400;\"><strong><u>Journ\u00e9e du Patrimoine\u00a0 des 16 et 17 septembre 2023<\/u><\/strong><\/p>\n<p style=\"font-weight: 400;\"><strong><u>\u00a0<\/u><\/strong><\/p>\n<p style=\"font-weight: 400;\">Notre association participera aux journ\u00e9es du Patrimoine avec l\u2019ouverture et la visite guid\u00e9e ou non de l\u2019\u00e9glise de Brageac et de l\u2019Hermitage m\u00e9rovingien du VII \u00e9 si\u00e8cle de Saint Till.<\/p>\n<p style=\"font-weight: 400;\">\u00a0<\/p>\n<p style=\"font-weight: 400;\">Je reste \u00e0 votre disposition pour toute information compl\u00e9mentaire, en cas de besoin vous pouvez me joindre au 07 78 77 34 26.<\/p>\t\t\t\t\t\t\t\t<\/div>\n\t\t\t\t<\/div>\n\t\t\t\t\t<\/div>\n\t\t<\/div>\n\t\t\t\t\t<\/div>\n\t\t<\/section>\n\t\t\t\t<section class=\"elementor-section elementor-top-section elementor-element elementor-element-1ffc2cf elementor-section-boxed elementor-section-height-default elementor-section-height-default\" data-id=\"1ffc2cf\" data-element_type=\"section\" data-e-type=\"section\">\n\t\t\t\t\t\t<div class=\"elementor-container elementor-column-gap-default\">\n\t\t\t\t\t<div class=\"elementor-column elementor-col-33 elementor-top-column elementor-element elementor-element-f1adb5e\" data-id=\"f1adb5e\" data-element_type=\"column\" data-e-type=\"column\">\n\t\t\t<div class=\"elementor-widget-wrap elementor-element-populated\">\n\t\t\t\t\t\t<div class=\"elementor-element elementor-element-940bd8f elementor-widget elementor-widget-image\" data-id=\"940bd8f\" data-element_type=\"widget\" data-e-type=\"widget\" data-widget_type=\"image.default\">\n\t\t\t\t<div class=\"elementor-widget-container\">\n\t\t\t\t\t\t\t\t\t\t\t\t\t\t\t<img loading=\"lazy\" decoding=\"async\" width=\"800\" height=\"600\" src=\"https:\/\/brageac.fr\/wp-content\/uploads\/2023\/05\/Concert-Nuit-des-Eglises-2022-1024x768.jpg\" class=\"attachment-large size-large wp-image-1090\" alt=\"\" srcset=\"https:\/\/brageac.fr\/wp-content\/uploads\/2023\/05\/Concert-Nuit-des-Eglises-2022-1024x768.jpg 1024w, https:\/\/brageac.fr\/wp-content\/uploads\/2023\/05\/Concert-Nuit-des-Eglises-2022-300x225.jpg 300w, https:\/\/brageac.fr\/wp-content\/uploads\/2023\/05\/Concert-Nuit-des-Eglises-2022-768x576.jpg 768w, https:\/\/brageac.fr\/wp-content\/uploads\/2023\/05\/Concert-Nuit-des-Eglises-2022-1536x1152.jpg 1536w, https:\/\/brageac.fr\/wp-content\/uploads\/2023\/05\/Concert-Nuit-des-Eglises-2022-2048x1536.jpg 2048w\" sizes=\"(max-width: 800px) 100vw, 800px\" \/>\t\t\t\t\t\t\t\t\t\t\t\t\t\t\t<\/div>\n\t\t\t\t<\/div>\n\t\t\t\t\t<\/div>\n\t\t<\/div>\n\t\t\t\t<div class=\"elementor-column elementor-col-33 elementor-top-column elementor-element elementor-element-9279bc5\" data-id=\"9279bc5\" data-element_type=\"column\" data-e-type=\"column\">\n\t\t\t<div class=\"elementor-widget-wrap elementor-element-populated\">\n\t\t\t\t\t\t<div class=\"elementor-element elementor-element-52b759f elementor-widget elementor-widget-image\" data-id=\"52b759f\" data-element_type=\"widget\" data-e-type=\"widget\" data-widget_type=\"image.default\">\n\t\t\t\t<div class=\"elementor-widget-container\">\n\t\t\t\t\t\t\t\t\t\t\t\t\t\t\t<img loading=\"lazy\" decoding=\"async\" width=\"800\" height=\"600\" src=\"https:\/\/brageac.fr\/wp-content\/uploads\/2023\/05\/20220810_221628-1024x768.jpg\" class=\"attachment-large size-large wp-image-1085\" alt=\"\" srcset=\"https:\/\/brageac.fr\/wp-content\/uploads\/2023\/05\/20220810_221628-1024x768.jpg 1024w, https:\/\/brageac.fr\/wp-content\/uploads\/2023\/05\/20220810_221628-300x225.jpg 300w, https:\/\/brageac.fr\/wp-content\/uploads\/2023\/05\/20220810_221628-768x576.jpg 768w, https:\/\/brageac.fr\/wp-content\/uploads\/2023\/05\/20220810_221628-1536x1152.jpg 1536w, https:\/\/brageac.fr\/wp-content\/uploads\/2023\/05\/20220810_221628-2048x1536.jpg 2048w\" sizes=\"(max-width: 800px) 100vw, 800px\" \/>\t\t\t\t\t\t\t\t\t\t\t\t\t\t\t<\/div>\n\t\t\t\t<\/div>\n\t\t\t\t\t<\/div>\n\t\t<\/div>\n\t\t\t\t<div class=\"elementor-column elementor-col-33 elementor-top-column elementor-element elementor-element-e65608c\" data-id=\"e65608c\" data-element_type=\"column\" data-e-type=\"column\">\n\t\t\t<div class=\"elementor-widget-wrap elementor-element-populated\">\n\t\t\t\t\t\t<div class=\"elementor-element elementor-element-cf387a6 elementor-widget elementor-widget-image\" data-id=\"cf387a6\" data-element_type=\"widget\" data-e-type=\"widget\" data-widget_type=\"image.default\">\n\t\t\t\t<div class=\"elementor-widget-container\">\n\t\t\t\t\t\t\t\t\t\t\t\t\t\t\t<img loading=\"lazy\" decoding=\"async\" width=\"800\" height=\"600\" src=\"https:\/\/brageac.fr\/wp-content\/uploads\/2023\/05\/20220827_151112-1024x768.jpg\" class=\"attachment-large size-large wp-image-1089\" alt=\"\" srcset=\"https:\/\/brageac.fr\/wp-content\/uploads\/2023\/05\/20220827_151112-1024x768.jpg 1024w, https:\/\/brageac.fr\/wp-content\/uploads\/2023\/05\/20220827_151112-300x225.jpg 300w, https:\/\/brageac.fr\/wp-content\/uploads\/2023\/05\/20220827_151112-768x576.jpg 768w, https:\/\/brageac.fr\/wp-content\/uploads\/2023\/05\/20220827_151112-1536x1152.jpg 1536w, https:\/\/brageac.fr\/wp-content\/uploads\/2023\/05\/20220827_151112-2048x1536.jpg 2048w\" sizes=\"(max-width: 800px) 100vw, 800px\" \/>\t\t\t\t\t\t\t\t\t\t\t\t\t\t\t<\/div>\n\t\t\t\t<\/div>\n\t\t\t\t\t<\/div>\n\t\t<\/div>\n\t\t\t\t\t<\/div>\n\t\t<\/section>\n\t\t\t\t<section class=\"elementor-section elementor-top-section elementor-element elementor-element-5cc3e5d elementor-section-boxed elementor-section-height-default elementor-section-height-default\" data-id=\"5cc3e5d\" data-element_type=\"section\" data-e-type=\"section\">\n\t\t\t\t\t\t<div class=\"elementor-container elementor-column-gap-default\">\n\t\t\t\t\t<div class=\"elementor-column elementor-col-33 elementor-top-column elementor-element elementor-element-5a686ad\" data-id=\"5a686ad\" data-element_type=\"column\" data-e-type=\"column\">\n\t\t\t<div class=\"elementor-widget-wrap elementor-element-populated\">\n\t\t\t\t\t\t<div class=\"elementor-element elementor-element-6a32b9d elementor-widget elementor-widget-image\" data-id=\"6a32b9d\" data-element_type=\"widget\" data-e-type=\"widget\" data-widget_type=\"image.default\">\n\t\t\t\t<div class=\"elementor-widget-container\">\n\t\t\t\t\t\t\t\t\t\t\t\t\t\t\t<img loading=\"lazy\" decoding=\"async\" width=\"768\" height=\"1024\" src=\"https:\/\/brageac.fr\/wp-content\/uploads\/2023\/05\/20220702_222321-768x1024.jpg\" class=\"attachment-large size-large wp-image-1081\" alt=\"\" srcset=\"https:\/\/brageac.fr\/wp-content\/uploads\/2023\/05\/20220702_222321-768x1024.jpg 768w, https:\/\/brageac.fr\/wp-content\/uploads\/2023\/05\/20220702_222321-225x300.jpg 225w, https:\/\/brageac.fr\/wp-content\/uploads\/2023\/05\/20220702_222321-1152x1536.jpg 1152w, https:\/\/brageac.fr\/wp-content\/uploads\/2023\/05\/20220702_222321-1536x2048.jpg 1536w, https:\/\/brageac.fr\/wp-content\/uploads\/2023\/05\/20220702_222321-scaled.jpg 1920w\" sizes=\"(max-width: 768px) 100vw, 768px\" \/>\t\t\t\t\t\t\t\t\t\t\t\t\t\t\t<\/div>\n\t\t\t\t<\/div>\n\t\t\t\t\t<\/div>\n\t\t<\/div>\n\t\t\t\t<div class=\"elementor-column elementor-col-33 elementor-top-column elementor-element elementor-element-1670d23\" data-id=\"1670d23\" data-element_type=\"column\" data-e-type=\"column\">\n\t\t\t<div class=\"elementor-widget-wrap elementor-element-populated\">\n\t\t\t\t\t\t<div class=\"elementor-element elementor-element-5df5bbe elementor-widget elementor-widget-image\" data-id=\"5df5bbe\" data-element_type=\"widget\" data-e-type=\"widget\" data-widget_type=\"image.default\">\n\t\t\t\t<div class=\"elementor-widget-container\">\n\t\t\t\t\t\t\t\t\t\t\t\t\t\t\t<img loading=\"lazy\" decoding=\"async\" width=\"800\" height=\"566\" src=\"https:\/\/brageac.fr\/wp-content\/uploads\/2023\/05\/page01-1024x724.jpg\" class=\"attachment-large size-large wp-image-1091\" alt=\"\" srcset=\"https:\/\/brageac.fr\/wp-content\/uploads\/2023\/05\/page01-1024x724.jpg 1024w, https:\/\/brageac.fr\/wp-content\/uploads\/2023\/05\/page01-300x212.jpg 300w, https:\/\/brageac.fr\/wp-content\/uploads\/2023\/05\/page01-768x543.jpg 768w, https:\/\/brageac.fr\/wp-content\/uploads\/2023\/05\/page01-1536x1086.jpg 1536w, https:\/\/brageac.fr\/wp-content\/uploads\/2023\/05\/page01-2048x1448.jpg 2048w\" sizes=\"(max-width: 800px) 100vw, 800px\" \/>\t\t\t\t\t\t\t\t\t\t\t\t\t\t\t<\/div>\n\t\t\t\t<\/div>\n\t\t\t\t\t<\/div>\n\t\t<\/div>\n\t\t\t\t<div class=\"elementor-column elementor-col-33 elementor-top-column elementor-element elementor-element-d8f542d\" data-id=\"d8f542d\" data-element_type=\"column\" data-e-type=\"column\">\n\t\t\t<div class=\"elementor-widget-wrap elementor-element-populated\">\n\t\t\t\t\t\t<div class=\"elementor-element elementor-element-fb56ed2 elementor-widget elementor-widget-image\" data-id=\"fb56ed2\" data-element_type=\"widget\" data-e-type=\"widget\" data-widget_type=\"image.default\">\n\t\t\t\t<div class=\"elementor-widget-container\">\n\t\t\t\t\t\t\t\t\t\t\t\t\t\t\t<img loading=\"lazy\" decoding=\"async\" width=\"576\" height=\"1024\" src=\"https:\/\/brageac.fr\/wp-content\/uploads\/2023\/05\/JEM31-576x1024.jpg\" class=\"attachment-large size-large wp-image-1092\" alt=\"\" srcset=\"https:\/\/brageac.fr\/wp-content\/uploads\/2023\/05\/JEM31-576x1024.jpg 576w, https:\/\/brageac.fr\/wp-content\/uploads\/2023\/05\/JEM31-169x300.jpg 169w, https:\/\/brageac.fr\/wp-content\/uploads\/2023\/05\/JEM31-768x1365.jpg 768w, https:\/\/brageac.fr\/wp-content\/uploads\/2023\/05\/JEM31-864x1536.jpg 864w, https:\/\/brageac.fr\/wp-content\/uploads\/2023\/05\/JEM31-1152x2048.jpg 1152w, https:\/\/brageac.fr\/wp-content\/uploads\/2023\/05\/JEM31-scaled.jpg 1440w\" sizes=\"(max-width: 576px) 100vw, 576px\" \/>\t\t\t\t\t\t\t\t\t\t\t\t\t\t\t<\/div>\n\t\t\t\t<\/div>\n\t\t\t\t\t<\/div>\n\t\t<\/div>\n\t\t\t\t\t<\/div>\n\t\t<\/section>\n\t\t\t\t<\/div>\n\t\t","protected":false},"excerpt":{"rendered":"<p>Association de Brageac pour Saint C\u00f4me et Saint Damien L&rsquo;association s&rsquo;est historiquement constitu\u00e9e pour la promotion du patrimoine de la commune. L&rsquo;association organise 3 \u00e9v\u00e9nements majeurs : Nuit des \u00e9glises 2022 Concert de la Nuit des \u00e9glises du 1er\u00a0juillet 2023 \u00a0 Dans le cadre de notre concert annuel de la Nuit des \u00c9glises, je vous [&hellip;]<\/p>\n","protected":false},"author":1,"featured_media":0,"parent":0,"menu_order":0,"comment_status":"closed","ping_status":"closed","template":"elementor_header_footer","meta":{"footnotes":""},"class_list":["post-568","page","type-page","status-publish","hentry"],"_links":{"self":[{"href":"https:\/\/brageac.fr\/index.php\/wp-json\/wp\/v2\/pages\/568","targetHints":{"allow":["GET"]}}],"collection":[{"href":"https:\/\/brageac.fr\/index.php\/wp-json\/wp\/v2\/pages"}],"about":[{"href":"https:\/\/brageac.fr\/index.php\/wp-json\/wp\/v2\/types\/page"}],"author":[{"embeddable":true,"href":"https:\/\/brageac.fr\/index.php\/wp-json\/wp\/v2\/users\/1"}],"replies":[{"embeddable":true,"href":"https:\/\/brageac.fr\/index.php\/wp-json\/wp\/v2\/comments?post=568"}],"version-history":[{"count":21,"href":"https:\/\/brageac.fr\/index.php\/wp-json\/wp\/v2\/pages\/568\/revisions"}],"predecessor-version":[{"id":1095,"href":"https:\/\/brageac.fr\/index.php\/wp-json\/wp\/v2\/pages\/568\/revisions\/1095"}],"wp:attachment":[{"href":"https:\/\/brageac.fr\/index.php\/wp-json\/wp\/v2\/media?parent=568"}],"curies":[{"name":"wp","href":"https:\/\/api.w.org\/{rel}","templated":true}]}}