{"id":45,"date":"2022-08-12T07:39:31","date_gmt":"2022-08-12T07:39:31","guid":{"rendered":"http:\/\/brageac.fr\/?page_id=45"},"modified":"2025-02-28T12:53:01","modified_gmt":"2025-02-28T12:53:01","slug":"contact","status":"publish","type":"page","link":"https:\/\/brageac.fr\/index.php\/contact\/","title":{"rendered":"Contact"},"content":{"rendered":"\n<p><strong>MAIRIE de BRAGEAC<\/strong><\/p>\n\n\n\n<p>Adresse : rue Marcel Mazar &#8211; 15700 BRAGEAC<\/p>\n\n\n\n<p>Horaires : lundi et jeudi de 13h30 \u00e0 17h00<\/p>\n\n\n\n<p>T\u00e9l\u00e9phone : 04 71 69 04 30<\/p>\n\n\n\n<p><a href=\"mailto:mairie.brageac@wanadoo.fr\">mairie.brageac@<\/a>gmail.com<\/p>\n\n\n\n<div class=\"wp-block-columns is-layout-flex wp-container-core-columns-is-layout-28f84493 wp-block-columns-is-layout-flex\">\n<div class=\"wp-block-column is-layout-flow wp-block-column-is-layout-flow\" style=\"flex-basis:100%\">\n<p>Coordonn\u00e9es GPS : 45\u00b012&rsquo;19.1&Prime;N 2\u00b017&rsquo;22.9&Prime;E ou 45.205315, 2.289702<\/p>\n<\/div>\n<\/div>\n\n\n\n<pre class=\"wp-block-code\"><code><iframe src=\"https:\/\/www.google.com\/maps\/embed?pb=!1m18!1m12!1m3!1d22489.857220937152!2d2.2448204996305496!3d45.20263754416892!2m3!1f0!2f0!3f0!3m2!1i1024!2i768!4f13.1!3m3!1m2!1s0x47f816cac84debd1%3A0x4093cafcbead0a0!2s15700%20Brageac!5e0!3m2!1sfr!2sfr!4v1662463652428!5m2!1sfr!2sfr\" style=\"border:0;\" allowfullscreen=\"\" loading=\"lazy\" referrerpolicy=\"no-referrer-when-downgrade\" width=\"600\" height=\"450\"><\/iframe><\/code><\/pre>\n","protected":false},"excerpt":{"rendered":"<p>MAIRIE de BRAGEAC Adresse : rue Marcel Mazar &#8211; 15700 BRAGEAC Horaires : lundi et jeudi de 13h30 \u00e0 17h00 T\u00e9l\u00e9phone : 04 71 69 04 30 mairie.brageac@gmail.com Coordonn\u00e9es GPS : 45\u00b012&rsquo;19.1&Prime;N 2\u00b017&rsquo;22.9&Prime;E ou 45.205315, 2.289702<\/p>\n","protected":false},"author":1,"featured_media":0,"parent":0,"menu_order":0,"comment_status":"closed","ping_status":"closed","template":"elementor_header_footer","meta":{"footnotes":""},"class_list":["post-45","page","type-page","status-publish","hentry"],"_links":{"self":[{"href":"https:\/\/brageac.fr\/index.php\/wp-json\/wp\/v2\/pages\/45","targetHints":{"allow":["GET"]}}],"collection":[{"href":"https:\/\/brageac.fr\/index.php\/wp-json\/wp\/v2\/pages"}],"about":[{"href":"https:\/\/brageac.fr\/index.php\/wp-json\/wp\/v2\/types\/page"}],"author":[{"embeddable":true,"href":"https:\/\/brageac.fr\/index.php\/wp-json\/wp\/v2\/users\/1"}],"replies":[{"embeddable":true,"href":"https:\/\/brageac.fr\/index.php\/wp-json\/wp\/v2\/comments?post=45"}],"version-history":[{"count":17,"href":"https:\/\/brageac.fr\/index.php\/wp-json\/wp\/v2\/pages\/45\/revisions"}],"predecessor-version":[{"id":1477,"href":"https:\/\/brageac.fr\/index.php\/wp-json\/wp\/v2\/pages\/45\/revisions\/1477"}],"wp:attachment":[{"href":"https:\/\/brageac.fr\/index.php\/wp-json\/wp\/v2\/media?parent=45"}],"curies":[{"name":"wp","href":"https:\/\/api.w.org\/{rel}","templated":true}]}}